{"id":270,"date":"2019-06-26T20:45:56","date_gmt":"2019-06-26T20:45:56","guid":{"rendered":"https:\/\/hipodromodelosandes.com\/?page_id=270"},"modified":"2019-08-08T15:08:51","modified_gmt":"2019-08-08T15:08:51","slug":"galeria","status":"publish","type":"page","link":"https:\/\/hipodromodelosandes.com\/?page_id=270","title":{"rendered":"Galeria"},"content":{"rendered":"<p>[et_pb_section fb_built=&#8221;1&#8243; _builder_version=&#8221;3.24&#8243; background_color=&#8221;#f8f6f2&#8243;][et_pb_row use_custom_gutter=&#8221;on&#8221; gutter_width=&#8221;2&#8243; module_class=&#8221;galeria&#8221; _builder_version=&#8221;3.24&#8243;][et_pb_column type=&#8221;1_3&#8243; _builder_version=&#8221;3.24&#8243;][et_pb_text _builder_version=&#8221;3.24&#8243; text_font=&#8221;||||||||&#8221; text_text_color=&#8221;#e04b29&#8243; header_font=&#8221;||||||||&#8221; header_3_font=&#8221;Cairo|700||on|||||&#8221; header_3_text_color=&#8221;#4a3587&#8243; header_3_font_size=&#8221;18px&#8221; header_4_font=&#8221;Cairo|||on|||||&#8221; header_4_text_color=&#8221;#ffffff&#8221; header_4_font_size=&#8221;22px&#8221; background_color=&#8221;#ffffff&#8221; height=&#8221;150px&#8221; custom_padding=&#8221;15px|15px|15px|15px|true|true&#8221;]<\/p>\n<h4>01<\/h4>\n<h3>Torre Principal Hipoandes<\/h3>\n<p>Eventos sin precedentes se han dado cita en este m\u00e1gico lugar. Realiza tu evento en esta edificaci\u00f3n que se adapta para brindarle una experiencia \u00fanica a cada asistente.[\/et_pb_text][et_pb_gallery gallery_ids=&#8221;377,378,379,380&#8243; show_title_and_caption=&#8221;off&#8221; show_pagination=&#8221;off&#8221; zoom_icon_color=&#8221;#e04b29&#8243; hover_overlay_color=&#8221;rgba(0,0,0,0.16)&#8221; hover_icon=&#8221;%%47%%&#8221; _builder_version=&#8221;3.24&#8243;][\/et_pb_gallery][\/et_pb_column][et_pb_column type=&#8221;1_3&#8243; _builder_version=&#8221;3.24&#8243;][et_pb_text _builder_version=&#8221;3.24&#8243; text_font=&#8221;||||||||&#8221; text_text_color=&#8221;#e04b29&#8243; header_font=&#8221;||||||||&#8221; header_3_font=&#8221;Cairo|700||on|||||&#8221; header_3_text_color=&#8221;#4a3587&#8243; header_3_font_size=&#8221;18px&#8221; header_4_font=&#8221;Cairo|||on|||||&#8221; header_4_text_color=&#8221;#ffffff&#8221; header_4_font_size=&#8221;22px&#8221; background_color=&#8221;#ffffff&#8221; height=&#8221;150px&#8221; custom_padding=&#8221;15px|15px|15px|15px|true|true&#8221;]<\/p>\n<h4>02<\/h4>\n<h3>Zonas Cinematogr\u00e1ficas<\/h3>\n<p>Viaja en el tiempo y encu\u00e9ntrate con una construcci\u00f3n rodeada de espacios extraordinarios para tus grabaciones.[\/et_pb_text][et_pb_gallery gallery_ids=&#8221;383,384,385,386,387,388&#8243; show_title_and_caption=&#8221;off&#8221; show_pagination=&#8221;off&#8221; zoom_icon_color=&#8221;#e04b29&#8243; hover_overlay_color=&#8221;rgba(0,0,0,0.16)&#8221; hover_icon=&#8221;%%47%%&#8221; _builder_version=&#8221;3.24&#8243;][\/et_pb_gallery][\/et_pb_column][et_pb_column type=&#8221;1_3&#8243; _builder_version=&#8221;3.24&#8243;][et_pb_text _builder_version=&#8221;3.24&#8243; text_font=&#8221;||||||||&#8221; text_text_color=&#8221;#e04b29&#8243; header_font=&#8221;||||||||&#8221; header_3_font=&#8221;Cairo|700||on|||||&#8221; header_3_text_color=&#8221;#4a3587&#8243; header_3_font_size=&#8221;18px&#8221; header_4_font=&#8221;Cairo|||on|||||&#8221; header_4_text_color=&#8221;#ffffff&#8221; header_4_font_size=&#8221;22px&#8221; background_color=&#8221;#ffffff&#8221; height=&#8221;150px&#8221; custom_padding=&#8221;15px|15px|15px|15px|true|true&#8221;]<\/p>\n<h4>03<\/h4>\n<h3>Tribuna Horizonte<\/h3>\n<p>La historia y la magia se ubican en el mejor punto, ofreciendo una vista \u00fanica, capaz de envolver los sentidos creando una experiencia insuperable.[\/et_pb_text][et_pb_gallery gallery_ids=&#8221;397,398,399,400&#8243; show_title_and_caption=&#8221;off&#8221; show_pagination=&#8221;off&#8221; zoom_icon_color=&#8221;#e04b29&#8243; hover_overlay_color=&#8221;rgba(0,0,0,0.16)&#8221; hover_icon=&#8221;%%47%%&#8221; _builder_version=&#8221;3.24&#8243;][\/et_pb_gallery][\/et_pb_column][\/et_pb_row][et_pb_row use_custom_gutter=&#8221;on&#8221; gutter_width=&#8221;2&#8243; module_class=&#8221;galeria&#8221; _builder_version=&#8221;3.24&#8243;][et_pb_column type=&#8221;1_3&#8243; _builder_version=&#8221;3.24&#8243;][et_pb_text _builder_version=&#8221;3.24&#8243; text_font=&#8221;||||||||&#8221; text_text_color=&#8221;#e04b29&#8243; header_font=&#8221;||||||||&#8221; header_3_font=&#8221;Cairo|700||on|||||&#8221; header_3_text_color=&#8221;#4a3587&#8243; header_3_font_size=&#8221;18px&#8221; header_4_font=&#8221;Cairo|||on|||||&#8221; header_4_text_color=&#8221;#ffffff&#8221; header_4_font_size=&#8221;22px&#8221; background_color=&#8221;#ffffff&#8221; height=&#8221;150px&#8221; custom_padding=&#8221;15px|15px|15px|15px|true|true&#8221;]<\/p>\n<h4>04<\/h4>\n<h3>EcoZonas<\/h3>\n<p>Redefine el significado de un evento o feria creando una experiencia llena de emociones, aprovechando al m\u00e1ximo nuestras amplias y m\u00faltiples zonas verdes.[\/et_pb_text][et_pb_gallery gallery_ids=&#8221;391,392,393,394,395,396&#8243; show_title_and_caption=&#8221;off&#8221; show_pagination=&#8221;off&#8221; zoom_icon_color=&#8221;#e04b29&#8243; hover_overlay_color=&#8221;rgba(0,0,0,0.16)&#8221; hover_icon=&#8221;%%47%%&#8221; _builder_version=&#8221;3.24&#8243;][\/et_pb_gallery][\/et_pb_column][et_pb_column type=&#8221;1_3&#8243; _builder_version=&#8221;3.24&#8243;][et_pb_text _builder_version=&#8221;3.24&#8243; text_font=&#8221;||||||||&#8221; text_text_color=&#8221;#e04b29&#8243; header_font=&#8221;||||||||&#8221; header_3_font=&#8221;Cairo|700||on|||||&#8221; header_3_text_color=&#8221;#4a3587&#8243; header_3_font_size=&#8221;18px&#8221; header_4_font=&#8221;Cairo|||on|||||&#8221; header_4_text_color=&#8221;#ffffff&#8221; header_4_font_size=&#8221;22px&#8221; background_color=&#8221;#ffffff&#8221; height=&#8221;150px&#8221; custom_padding=&#8221;15px|15px|15px|15px|true|true&#8221;]<\/p>\n<h4>05<\/h4>\n<h3>Zonas de Asfalto<\/h3>\n<p>Realiza tus eventos, pruebas t\u00e9cnicas o cursos institucionales en un amplio sector pavimentado.[\/et_pb_text][et_pb_gallery gallery_ids=&#8221;401,402,403,412&#8243; show_title_and_caption=&#8221;off&#8221; show_pagination=&#8221;off&#8221; zoom_icon_color=&#8221;#e04b29&#8243; hover_overlay_color=&#8221;rgba(0,0,0,0.16)&#8221; hover_icon=&#8221;%%47%%&#8221; _builder_version=&#8221;3.24&#8243;][\/et_pb_gallery][\/et_pb_column][et_pb_column type=&#8221;1_3&#8243; _builder_version=&#8221;3.24&#8243;][et_pb_text _builder_version=&#8221;3.24&#8243; text_font=&#8221;||||||||&#8221; text_text_color=&#8221;#e04b29&#8243; header_font=&#8221;||||||||&#8221; header_3_font=&#8221;Cairo|700||on|||||&#8221; header_3_text_color=&#8221;#4a3587&#8243; header_3_font_size=&#8221;18px&#8221; header_4_font=&#8221;Cairo|||on|||||&#8221; header_4_text_color=&#8221;#ffffff&#8221; header_4_font_size=&#8221;22px&#8221; background_color=&#8221;#ffffff&#8221; height=&#8221;150px&#8221; custom_padding=&#8221;15px|15px|15px|15px|true|true&#8221;]<\/p>\n<h4>06<\/h4>\n<h3>\u00c1reas Comunes<\/h3>\n<p>Estacionamiento principal: 20.250 m\u00b2 con cupo para 1.000 automotores, Estacionamiento secundario: 3.261 m\u00b2 con capacidad para 100 veh\u00edculos,  48 bater\u00edas de ba\u00f1os.[\/et_pb_text][et_pb_gallery gallery_ids=&#8221;390,389&#8243; show_title_and_caption=&#8221;off&#8221; show_pagination=&#8221;off&#8221; zoom_icon_color=&#8221;#e04b29&#8243; hover_overlay_color=&#8221;rgba(0,0,0,0.16)&#8221; hover_icon=&#8221;%%47%%&#8221; _builder_version=&#8221;3.24&#8243;][\/et_pb_gallery][\/et_pb_column][\/et_pb_row][et_pb_row _builder_version=&#8221;3.24&#8243;][et_pb_column type=&#8221;4_4&#8243; _builder_version=&#8221;3.24&#8243;][et_pb_button button_url=&#8221;@ET-DC@eyJkeW5hbWljIjp0cnVlLCJjb250ZW50IjoiaG9tZV91cmwiLCJzZXR0aW5ncyI6e319@&#8221; button_text=&#8221;VOLVER&#8221; button_alignment=&#8221;right&#8221; _builder_version=&#8221;3.24&#8243; _dynamic_attributes=&#8221;button_url&#8221; custom_button=&#8221;on&#8221; button_text_size=&#8221;14px&#8221; button_text_color=&#8221;#4a3587&#8243; button_border_width=&#8221;0px&#8221; button_font=&#8221;Cairo|700|||||||&#8221; button_icon=&#8221;%%35%%&#8221; button_icon_color=&#8221;#e04b29&#8243; button_icon_placement=&#8221;left&#8221; button_on_hover=&#8221;off&#8221;][\/et_pb_button][\/et_pb_column][\/et_pb_row][\/et_pb_section]<\/p>\n","protected":false},"excerpt":{"rendered":"<p>[et_pb_section fb_built=&#8221;1&#8243; _builder_version=&#8221;3.24&#8243; background_color=&#8221;#f8f6f2&#8243;][et_pb_row use_custom_gutter=&#8221;on&#8221; gutter_width=&#8221;2&#8243; module_class=&#8221;galeria&#8221; _builder_version=&#8221;3.24&#8243;][et_pb_column type=&#8221;1_3&#8243; _builder_version=&#8221;3.24&#8243;][et_pb_text _builder_version=&#8221;3.24&#8243; text_font=&#8221;||||||||&#8221; text_text_color=&#8221;#e04b29&#8243; header_font=&#8221;||||||||&#8221; header_3_font=&#8221;Cairo|700||on|||||&#8221; header_3_text_color=&#8221;#4a3587&#8243; header_3_font_size=&#8221;18px&#8221; header_4_font=&#8221;Cairo|||on|||||&#8221; header_4_text_color=&#8221;#ffffff&#8221; header_4_font_size=&#8221;22px&#8221; background_color=&#8221;#ffffff&#8221; height=&#8221;150px&#8221; custom_padding=&#8221;15px|15px|15px|15px|true|true&#8221;] 01 Torre Principal Hipoandes Eventos sin precedentes se han dado cita en este m\u00e1gico lugar. Realiza tu evento en esta edificaci\u00f3n que se adapta para brindarle una experiencia \u00fanica a cada asistente.[\/et_pb_text][et_pb_gallery [&hellip;]<\/p>\n","protected":false},"author":2,"featured_media":0,"parent":0,"menu_order":0,"comment_status":"closed","ping_status":"closed","template":"","meta":{"_et_pb_use_builder":"on","_et_pb_old_content":""},"_links":{"self":[{"href":"https:\/\/hipodromodelosandes.com\/index.php?rest_route=\/wp\/v2\/pages\/270"}],"collection":[{"href":"https:\/\/hipodromodelosandes.com\/index.php?rest_route=\/wp\/v2\/pages"}],"about":[{"href":"https:\/\/hipodromodelosandes.com\/index.php?rest_route=\/wp\/v2\/types\/page"}],"author":[{"embeddable":true,"href":"https:\/\/hipodromodelosandes.com\/index.php?rest_route=\/wp\/v2\/users\/2"}],"replies":[{"embeddable":true,"href":"https:\/\/hipodromodelosandes.com\/index.php?rest_route=%2Fwp%2Fv2%2Fcomments&post=270"}],"version-history":[{"count":18,"href":"https:\/\/hipodromodelosandes.com\/index.php?rest_route=\/wp\/v2\/pages\/270\/revisions"}],"predecessor-version":[{"id":485,"href":"https:\/\/hipodromodelosandes.com\/index.php?rest_route=\/wp\/v2\/pages\/270\/revisions\/485"}],"wp:attachment":[{"href":"https:\/\/hipodromodelosandes.com\/index.php?rest_route=%2Fwp%2Fv2%2Fmedia&parent=270"}],"curies":[{"name":"wp","href":"https:\/\/api.w.org\/{rel}","templated":true}]}}